{"id":8423,"date":"2021-10-31T09:34:28","date_gmt":"2021-10-31T09:34:28","guid":{"rendered":"https:\/\/lcnv2.marketquimia.net\/?page_id=8423"},"modified":"2021-10-31T10:00:16","modified_gmt":"2021-10-31T10:00:16","slug":"privacy-policy","status":"publish","type":"page","link":"https:\/\/www.lcn.es\/en\/privacy-policy\/","title":{"rendered":"PRIVACY POLICY"},"content":{"rendered":"<p>El Reglamento (UE) 2016\/679 de protecci\u00f3n de datos de car\u00e1cter personal, establece un nuevo enfoque para el control y el tratamiento de los datos de car\u00e1cter personal. Hemos revisado y adaptado nuestra pol\u00edtica de privacidad a los nuevos requisitos y queremos ofrecer mayor informaci\u00f3n y transparencia en relaci\u00f3n con el tratamiento de los datos personales.<br \/>\nLCN MECANICA, S.L. con NIF B19035716 es responsable del tratamiento de los datos de car\u00e1cter personal de sus usuarios y clientes, as\u00ed como de los datos que puedan ser recabados a trav\u00e9s del sitio web.<br \/>\nLCN MECANICA, S.L. informa a los usuarios del sitio web sobre su pol\u00edtica respecto del tratamiento y protecci\u00f3n de los datos de car\u00e1cter personal de los usuarios y clientes que puedan ser recabados por la navegaci\u00f3n o contrataci\u00f3n de servicios a trav\u00e9s de su sitio web.<\/p>\n<p><strong>Finalidad del tratamiento de los datos.<\/strong><br \/>\nSus datos de car\u00e1cter personal se recaban con la finalidad de prestar y mantener los servicios acordados contractualmente, as\u00ed como poder informarle sobre los nuevos productos y servicios.<br \/>\nEl tratamiento de los datos que nos facilite a trav\u00e9s de los formularios de la web www.lcn.es , se regir\u00e1 por esta misma pol\u00edtica de privacidad.<br \/>\nLas operaciones, gestiones y procedimientos t\u00e9cnicos que se realicen de forma automatizada o no automatizada y que posibiliten la recogida, el almacenamiento, la modificaci\u00f3n, la transferencia y otras acciones sobre datos de car\u00e1cter personal, tienen la consideraci\u00f3n de tratamiento de datos personales.<br \/>\nLCN MECANICA, S.L. proceder\u00e1 a tratar los datos de car\u00e1cter personal de manera l\u00edcita, leal, transparente, adecuada, pertinente, limitada, exacta y actualizada.<\/p>\n<p><strong>Datos recabados para la prestaci\u00f3n de un servicio<\/strong><br \/>\nLos datos de car\u00e1cter personal que nos facilite para la prestaci\u00f3n de un servicio ser\u00e1n los m\u00ednimos exigibles para poder elaborar el contrato, as\u00ed como para poder ofrecerle los servicios que usted contrate y para el cumplimiento de las obligaciones legales.<br \/>\nLos datos ser\u00e1n conservados durante los plazos legalmente establecidos.<\/p>\n<p><strong>Ejercicio de los derechos<\/strong><br \/>\nDe acuerdo con los derechos que confiere el Reglamento (UE) 2016\/679 de protecci\u00f3n de datos de car\u00e1cter personal podr\u00e1 ejercer los derechos de acceso, rectificaci\u00f3n, limitaci\u00f3n de tratamiento, supresi\u00f3n, portabilidad y oposici\u00f3n al tratamiento de sus datos dirigiendo su petici\u00f3n a la direcci\u00f3n postal indicada o al correo electr\u00f3nico info@lcn.es<br \/>\nPara el ejercicio de los derechos deber\u00e1 identificarse mediante la presentaci\u00f3n de su DNI.<\/p>\n<p><strong>Destinatarios<\/strong><br \/>\nLCN MECANICA, S.L. informa a los usuarios de que sus datos personales no ser\u00e1n comunicados a terceros, con la salvedad de que dicha comunicaci\u00f3n de datos este amparada en una obligaci\u00f3n legal o cuando la prestaci\u00f3n de un servicio implique la necesidad de una relaci\u00f3n contractual con un encargado de tratamiento.<br \/>\nLCN MECANICA, S.L. mantiene unos criterios estrictos de selecci\u00f3n de encargados de tratamiento y se compromete contractualmente con cada uno a cumplir y hacer cumplir las obligaciones establecidas en materia de protecci\u00f3n de datos<\/p>\n<p><strong>Variaci\u00f3n de los datos<\/strong><br \/>\nMientras no nos comuniquen lo contrario, entenderemos que los datos no han sido modificados y que usted se compromete a notificarnos cualquier variaci\u00f3n.<br \/>\nPara cualquier reclamaci\u00f3n puede dirigirse a LCN MECANICA, S.L. Igualmente podr\u00e1 dirigirse a la Agencia Espa\u00f1ola de Protecci\u00f3n de Datos www.aepd.es.<\/p>\n","protected":false},"excerpt":{"rendered":"<p>El Reglamento (UE) 2016\/679 de protecci\u00f3n de datos de car\u00e1cter personal, establece un nuevo enfoque para el control y el tratamiento de los datos de car\u00e1cter personal. Hemos revisado y adaptado nuestra pol\u00edtica de privacidad a los nuevos requisitos y queremos ofrecer mayor informaci\u00f3n y transparencia en relaci\u00f3n con el tratamiento de los datos personales. [&hellip;]<\/p>\n","protected":false},"author":1,"featured_media":0,"parent":0,"menu_order":0,"comment_status":"closed","ping_status":"closed","template":"","meta":{"footnotes":""},"class_list":["post-8423","page","type-page","status-publish","hentry"],"_links":{"self":[{"href":"https:\/\/www.lcn.es\/en\/wp-json\/wp\/v2\/pages\/8423","targetHints":{"allow":["GET"]}}],"collection":[{"href":"https:\/\/www.lcn.es\/en\/wp-json\/wp\/v2\/pages"}],"about":[{"href":"https:\/\/www.lcn.es\/en\/wp-json\/wp\/v2\/types\/page"}],"author":[{"embeddable":true,"href":"https:\/\/www.lcn.es\/en\/wp-json\/wp\/v2\/users\/1"}],"replies":[{"embeddable":true,"href":"https:\/\/www.lcn.es\/en\/wp-json\/wp\/v2\/comments?post=8423"}],"version-history":[{"count":3,"href":"https:\/\/www.lcn.es\/en\/wp-json\/wp\/v2\/pages\/8423\/revisions"}],"predecessor-version":[{"id":8445,"href":"https:\/\/www.lcn.es\/en\/wp-json\/wp\/v2\/pages\/8423\/revisions\/8445"}],"wp:attachment":[{"href":"https:\/\/www.lcn.es\/en\/wp-json\/wp\/v2\/media?parent=8423"}],"curies":[{"name":"wp","href":"https:\/\/api.w.org\/{rel}","templated":true}]}}