{"id":8420,"date":"2021-10-31T09:32:44","date_gmt":"2021-10-31T09:32:44","guid":{"rendered":"https:\/\/lcnv2.marketquimia.net\/?page_id=8420"},"modified":"2021-10-31T09:54:29","modified_gmt":"2021-10-31T09:54:29","slug":"legal-warning","status":"publish","type":"page","link":"https:\/\/www.lcn.es\/en\/legal-warning\/","title":{"rendered":"LEGAL WARNING"},"content":{"rendered":"<p><strong>DATOS IDENTIFICATIVOS<\/strong><br \/>\nEn cumplimiento con el art\u00edculo 10 de la Ley 34\/2002, de 11 de julio, de Servicios de la Sociedad de la Informaci\u00f3n y del Comercio Electr\u00f3nico, se informa que el sitio web www.lcn.es, en adelante denominado \u201cSitio Web\u201d, pertenece y es gestionado por LCN MECANICA, S.L. en lo sucesivo denominado \u201cTitular\u201d, con NIF B19035716. Para cualquier consulta relativa a este Sitio Web pude utilizar la direcci\u00f3n de correo electr\u00f3nico info@lcn.es.<\/p>\n<p><strong>T\u00c9RMINOS Y CONDICIONES DE USO<\/strong><br \/>\nEl acceso a este Sitio Web es gratuito y no exige suscripci\u00f3n o registro. El hecho de estar en este Sitio Web le asigna a usted el car\u00e1cter de \u201cUsuario\u201d. Le recomendamos que lea con atenci\u00f3n lo establecido en este Aviso Legal, la Pol\u00edtica de Privacidad y la Ley de Cookies de este Sitio Web.<br \/>\nLa informaci\u00f3n de esos tres apartados es susceptible de cambio sin previo aviso, por lo que tambi\u00e9n es recomendable que la vuelva a leer cada cierto tiempo. Si usted sigue navegando por este Sitio Web se entender\u00e1 que ha aceptado las condiciones de uso de este Aviso Legal, as\u00ed como la Pol\u00edtica de Privacidad. De no ser as\u00ed, le rogamos que no siga utilizando este Sitio Web.<br \/>\nUsted se abstendr\u00e1 de usar https:\/\/www.lcn.es\/ con el objetivo de a) la promoci\u00f3n de un lugar (spam) en vez de la promoci\u00f3n de noticias interesantes de diferentes lugares; b) las campa\u00f1as comerciales (aunque el lugar promocionado no contenga publicidad directa), pol\u00edticas o ideol\u00f3gicos promoviendo el voto masivo a las noticias objeto de la campa\u00f1a o del lugar promocionado; c) la publicaci\u00f3n de noticias falsas y\/o de difamaci\u00f3n e insultos a terceras personas.<br \/>\nAs\u00ed mismo, usted se compromete a abstenerse de emplear cualquier medio y\/o tecnolog\u00eda que pueda suprimir, alterar, eludir o manipular cualquier dispositivo, medio o sistema de seguridad que puedan estar instalados en este Sitio Web y que comporte riesgo, da\u00f1o, merma o inutilizaci\u00f3n de este Sitio Web y\/o sus contenidos. El titular se reserva el derecho a denegar el acceso y\/o uso de https:\/\/www.lcn.es\/ o de cualquiera de sus contenidos y\/o servicios, a cualquier usuario que hubiera incumplido las presentes Condiciones Generales.<\/p>\n<p><strong>PROPIEDAD INTELECTUAL<\/strong><br \/>\nTodos los contenidos de este Sitio Web, ya sean dise\u00f1os, im\u00e1genes, marcas, logotipos, textos, dominio y en general cualesquiera otros elementos susceptibles de protecci\u00f3n por derechos de propiedad intelectual, est\u00e9n en el formato, lenguaje de programaci\u00f3n y forma de representaci\u00f3n que sea, son propiedad del Titular o bien \u00e9ste ha adquirido los correspondientes derechos de sus propietarios.<br \/>\nEl uso, la reproducci\u00f3n total o parcial, la distribuci\u00f3n, comunicaci\u00f3n p\u00fablica, transformaci\u00f3n o cualquier otra actividad similar de todos los contenidos a los que hace referencia el p\u00e1rrafo anterior est\u00e1 permitida siempre que sea sin \u00e1nimo de lucro, no se intente da\u00f1ar la imagen o los intereses de la Titular o terceros leg\u00edtimos, no se utilice para competencia desleal, se haga constar la fuente y se incluya un enlace a este Sitio Web.<\/p>\n<p><strong>LIMITACI\u00d3N DE RESPONSABILIDAD<\/strong><br \/>\nTodo el contenido de este Sitio Web que no sea un producto o servicio comercial es de car\u00e1cter informativo y divulgativo, extra\u00eddo de la propia experiencia y conocimiento del Titular y ha sido puesto a disposici\u00f3n del Usuario de buena fe. No constituye ning\u00fan asesoramiento profesional, por lo que el Titular se exime de cualquier responsabilidad, directa o indirecta, que pudiese derivarse del uso o aplicaci\u00f3n de la informaci\u00f3n de este Sitio Web.<br \/>\nLos enlaces (hiperv\u00ednculos) o contenidos de terceros que aparecen en esta web, entre ellos los comentarios al blog, se facilitan con la finalidad de ampliar la informaci\u00f3n o indicar otro punto de vista. Su inclusi\u00f3n no implica la aceptaci\u00f3n de dichos contenidos, ni la asociaci\u00f3n del Titular con los responsables de los mismos, por lo que rechaza toda responsabilidad en relaci\u00f3n con los mismos, as\u00ed como por los da\u00f1os que pudieran causarse por cualquier motivo en su sistema inform\u00e1tico (equipo y aplicaciones), documentos o ficheros.<br \/>\nEl Titular s\u00f3lo podr\u00e1 ser responsable por dichos contenidos conforme a lo establecido en la Ley 34\/2002, de 11 de julio, de Servicios de la Sociedad de la Informaci\u00f3n y de Comercio Electr\u00f3nico, en caso de que, habiendo tenido conocimiento efectivo de su ilicitud o de que lesiona los bienes o intereses de un tercero, no elimine o bloquee los correspondientes contenidos.<br \/>\nEl Titular no garantiza la fiabilidad, disponibilidad o continuidad de este sitio web ni de sus contenidos por motivos t\u00e9cnicos, de seguridad, control o mantenimiento del servicio, por fallos debidos al servidor que aloja los contenidos o de otros intermediarios o proveedores, por ataques contra el sistema inform\u00e1tico, ni por cualesquiera otros motivos que se deriven de causas que escapen a su control, por lo que rechaza cualquier responsabilidad, directa o indirecta, por los mismos.<\/p>\n<p><strong>MODIFICACIONES Y ACTUALIZACIONES<\/strong><br \/>\nEl Titular se reserva el derecho de efectuar en cualquier momento y sin necesidad de aviso, modificaciones y actualizaciones de la informaci\u00f3n contenida en este Sitio Web, de la configuraci\u00f3n, disponibilidad y presentaci\u00f3n de \u00e9ste.<\/p>\n<p><strong>LEGISLACI\u00d3N APLICABLE Y JURISDICCI\u00d3N<\/strong><br \/>\nAmbas partes Usuario y Titular, renunciando expresamente a su propio fuero, aceptan como legislaci\u00f3n rectora de las presentes Condiciones la espa\u00f1ola, y para la resoluci\u00f3n de cuantas controversias o litigios pudieran derivarse de las mismas acuerdan someterse a la jurisdicci\u00f3n de los Juzgados y Tribunales de la Comunidad de Madrid.<\/p>\n","protected":false},"excerpt":{"rendered":"<p>DATOS IDENTIFICATIVOS En cumplimiento con el art\u00edculo 10 de la Ley 34\/2002, de 11 de julio, de Servicios de la Sociedad de la Informaci\u00f3n y del Comercio Electr\u00f3nico, se informa que el sitio web www.lcn.es, en adelante denominado \u201cSitio Web\u201d, pertenece y es gestionado por LCN MECANICA, S.L. en lo sucesivo denominado \u201cTitular\u201d, con NIF [&hellip;]<\/p>\n","protected":false},"author":1,"featured_media":0,"parent":0,"menu_order":0,"comment_status":"closed","ping_status":"closed","template":"","meta":{"footnotes":""},"class_list":["post-8420","page","type-page","status-publish","hentry"],"_links":{"self":[{"href":"https:\/\/www.lcn.es\/en\/wp-json\/wp\/v2\/pages\/8420","targetHints":{"allow":["GET"]}}],"collection":[{"href":"https:\/\/www.lcn.es\/en\/wp-json\/wp\/v2\/pages"}],"about":[{"href":"https:\/\/www.lcn.es\/en\/wp-json\/wp\/v2\/types\/page"}],"author":[{"embeddable":true,"href":"https:\/\/www.lcn.es\/en\/wp-json\/wp\/v2\/users\/1"}],"replies":[{"embeddable":true,"href":"https:\/\/www.lcn.es\/en\/wp-json\/wp\/v2\/comments?post=8420"}],"version-history":[{"count":3,"href":"https:\/\/www.lcn.es\/en\/wp-json\/wp\/v2\/pages\/8420\/revisions"}],"predecessor-version":[{"id":8440,"href":"https:\/\/www.lcn.es\/en\/wp-json\/wp\/v2\/pages\/8420\/revisions\/8440"}],"wp:attachment":[{"href":"https:\/\/www.lcn.es\/en\/wp-json\/wp\/v2\/media?parent=8420"}],"curies":[{"name":"wp","href":"https:\/\/api.w.org\/{rel}","templated":true}]}}